{"id":11987,"date":"2026-04-08T07:56:44","date_gmt":"2026-04-08T07:56:44","guid":{"rendered":"https:\/\/melodijoperez.com\/?page_id=11987"},"modified":"2026-04-08T08:09:21","modified_gmt":"2026-04-08T08:09:21","slug":"kit-digital","status":"publish","type":"page","link":"https:\/\/melodijoperez.com\/?page_id=11987","title":{"rendered":"Kit digital"},"content":{"rendered":"\t\t<div data-elementor-type=\"wp-page\" data-elementor-id=\"11987\" class=\"elementor elementor-11987\">\n\t\t\t\t\t\t<section class=\"elementor-section elementor-top-section elementor-element elementor-element-29c261a2 qodef-elementor-content-grid elementor-section-boxed elementor-section-height-default elementor-section-height-default\" data-id=\"29c261a2\" data-element_type=\"section\" data-e-type=\"section\" data-settings=\"{&quot;background_background&quot;:&quot;classic&quot;}\">\n\t\t\t\t\t\t<div class=\"elementor-container elementor-column-gap-default\">\n\t\t\t\t\t<div class=\"elementor-column elementor-col-100 elementor-top-column elementor-element elementor-element-460f129f\" data-id=\"460f129f\" data-element_type=\"column\" data-e-type=\"column\">\n\t\t\t<div class=\"elementor-widget-wrap elementor-element-populated\">\n\t\t\t\t\t\t<div class=\"elementor-element elementor-element-11a6537b elementor-widget__width-initial elementor-widget-mobile__width-inherit elementor-widget elementor-widget-borgholm_core_icon_with_text\" data-id=\"11a6537b\" data-element_type=\"widget\" data-e-type=\"widget\" data-widget_type=\"borgholm_core_icon_with_text.default\">\n\t\t\t\t<div class=\"elementor-widget-container\">\n\t\t\t\t\t<div class=\"qodef-shortcode qodef-m  qodef-icon-with-text qodef-layout--top qodef--custom-icon qodef--has-appear qodef-alignment--center\">\n\t<div class=\"qodef-m-icon-wrapper\">\n\t\t\t\t\t<img fetchpriority=\"high\" decoding=\"async\" width=\"2560\" height=\"703\" src=\"https:\/\/melodijoperez.com\/wp-content\/uploads\/2026\/04\/logo-kit-digital-3503259883-scaled.png\" class=\"attachment-full size-full\" alt=\"\" srcset=\"https:\/\/melodijoperez.com\/wp-content\/uploads\/2026\/04\/logo-kit-digital-3503259883-scaled.png 2560w, https:\/\/melodijoperez.com\/wp-content\/uploads\/2026\/04\/logo-kit-digital-3503259883-300x82.png 300w, https:\/\/melodijoperez.com\/wp-content\/uploads\/2026\/04\/logo-kit-digital-3503259883-1024x281.png 1024w, https:\/\/melodijoperez.com\/wp-content\/uploads\/2026\/04\/logo-kit-digital-3503259883-768x211.png 768w, https:\/\/melodijoperez.com\/wp-content\/uploads\/2026\/04\/logo-kit-digital-3503259883-1536x422.png 1536w, https:\/\/melodijoperez.com\/wp-content\/uploads\/2026\/04\/logo-kit-digital-3503259883-2048x562.png 2048w, https:\/\/melodijoperez.com\/wp-content\/uploads\/2026\/04\/logo-kit-digital-3503259883-600x165.png 600w\" sizes=\"(max-width: 2560px) 100vw, 2560px\" \/>\t\t<\/div>\n\t<div class=\"qodef-m-content\">\n\t\t\t<h5 class=\"qodef-m-title\" style=\"margin-top: 21px\">\n\t\t\t\t\t<span class=\"qodef-m-title-text\">Melodijop\u00e9rez<\/span>\n\t\t\t<\/h5>\n\t\t\t<p class=\"qodef-m-text\" >Agente digitalizador en el medio rural<\/p>\n\t<\/div>\n<\/div>\t\t\t\t<\/div>\n\t\t\t\t<\/div>\n\t\t\t\t\t<\/div>\n\t\t<\/div>\n\t\t\t\t\t<\/div>\n\t\t<\/section>\n\t\t\t\t<section class=\"elementor-section elementor-top-section elementor-element elementor-element-50eb195 elementor-section-content-middle qodef-elementor-content-grid elementor-section-boxed elementor-section-height-default elementor-section-height-default\" data-id=\"50eb195\" data-element_type=\"section\" data-e-type=\"section\">\n\t\t\t\t\t\t<div class=\"elementor-container elementor-column-gap-default\">\n\t\t\t\t\t<div class=\"elementor-column elementor-col-100 elementor-top-column elementor-element elementor-element-c5ca41c\" data-id=\"c5ca41c\" data-element_type=\"column\" data-e-type=\"column\">\n\t\t\t<div class=\"elementor-widget-wrap elementor-element-populated\">\n\t\t\t\t<div class=\"elementor-element elementor-element-96d17c3 e-flex e-con-boxed qodef-elementor-content-no e-con e-parent\" data-id=\"96d17c3\" data-element_type=\"container\" data-e-type=\"container\">\n\t\t\t\t\t<div class=\"e-con-inner\">\n\t\t\t\t<div class=\"elementor-element elementor-element-4d2f292 elementor-widget elementor-widget-image\" data-id=\"4d2f292\" data-element_type=\"widget\" data-e-type=\"widget\" data-widget_type=\"image.default\">\n\t\t\t\t<div class=\"elementor-widget-container\">\n\t\t\t\t\t\t\t\t\t\t\t\t\t\t\t<img decoding=\"async\" width=\"1024\" height=\"119\" src=\"https:\/\/melodijoperez.com\/wp-content\/uploads\/2026\/04\/Logo-digitalizadores-scaled-1-1024x119.png\" class=\"attachment-large size-large wp-image-11995\" alt=\"\" srcset=\"https:\/\/melodijoperez.com\/wp-content\/uploads\/2026\/04\/Logo-digitalizadores-scaled-1-1024x119.png 1024w, https:\/\/melodijoperez.com\/wp-content\/uploads\/2026\/04\/Logo-digitalizadores-scaled-1-300x35.png 300w, https:\/\/melodijoperez.com\/wp-content\/uploads\/2026\/04\/Logo-digitalizadores-scaled-1-768x89.png 768w, https:\/\/melodijoperez.com\/wp-content\/uploads\/2026\/04\/Logo-digitalizadores-scaled-1-1536x178.png 1536w, https:\/\/melodijoperez.com\/wp-content\/uploads\/2026\/04\/Logo-digitalizadores-scaled-1-2048x238.png 2048w, https:\/\/melodijoperez.com\/wp-content\/uploads\/2026\/04\/Logo-digitalizadores-scaled-1-600x70.png 600w\" sizes=\"(max-width: 1024px) 100vw, 1024px\" \/>\t\t\t\t\t\t\t\t\t\t\t\t\t\t\t<\/div>\n\t\t\t\t<\/div>\n\t\t\t\t\t<\/div>\n\t\t\t\t<\/div>\n\t\t\t\t<div class=\"elementor-element elementor-element-9c8ea22 elementor-widget elementor-widget-text-editor\" data-id=\"9c8ea22\" data-element_type=\"widget\" data-e-type=\"widget\" data-widget_type=\"text-editor.default\">\n\t\t\t\t<div class=\"elementor-widget-container\">\n\t\t\t\t\t\t\t\t\t<p>El<strong>\u00a0Kit Digital\u00a0<\/strong>es una iniciativa del\u00a0<strong>Gobierno de Espa\u00f1a<\/strong>\u00a0financiada por la Uni\u00f3n Europea a trav\u00e9s de los fondos\u00a0<strong>Next Generation EU<\/strong>, que tiene como objetivo subvencionar la implantaci\u00f3n de soluciones digitales para conseguir un avance significativo en el nivel de madurez digital.\u00a0<\/p><p><strong>El Kit Digital\u00a0<\/strong>impulsa\u00a0la implantaci\u00f3n de soluciones digitales disponibles en el mercado, logrando as\u00ed un avance significativo en el nivel de madurez digital de las peque\u00f1as empresas, microempresas y trabajadores aut\u00f3nomos.<\/p><p>El<strong>\u00a0programa Kit Digital<\/strong>\u00a0est\u00e1 cofinanciado por los fondos\u00a0<strong>Next Generation<\/strong>\u00a0de la Uni\u00f3n Europea, en el marco del Programa de Recuperaci\u00f3n, Transformaci\u00f3n y Resiliencia para los estados miembros, surgido a partir de la pandemia mundial.<\/p><h2><strong>Programa Kit Digital Asturias<\/strong><\/h2><p>Las\u00a0<strong>soluciones digitales<\/strong>\u00a0que proporciona el Programa Kit Digital est\u00e1n orientadas a las necesidades de las peque\u00f1as compa\u00f1\u00edas, para que nadie se quede atr\u00e1s. Cualquier empresa o aut\u00f3nomo que cumpla con las condiciones establecidas en las bases de la convocatoria de la ayuda del Kit Digital puede disponer de un bono digital que le permita acceder a las soluciones de digitalizaci\u00f3n.<\/p><ul><li style=\"list-style-type: none;\"><ul><li><em><a href=\"https:\/\/www.acelerapyme.gob.es\/sites\/acelerapyme\/files\/2021-12\/BOE-A-2021-21873.pdf\"><strong>Bases reguladoras de la concesi\u00f3n de ayudas para la digitalizaci\u00f3n.<\/strong><\/a><\/em><\/li><\/ul><\/li><\/ul><h2><strong>\u00bfQu\u00e9 es un agente digitalizador?<\/strong><\/h2><p><a href=\"http:\/\/www.melodijoperez.com\/\"><strong>Melodijop\u00e9rez Comunicaci\u00f3n<\/strong><\/a>\u00a0ha sido acreditada como agente digitalizador en el marco del programa Kit Digital Asturias para ayudar a las peque\u00f1as empresas y aut\u00f3nomos a ser m\u00e1s competitivos en el mundo global. Nuestra cartera de servicios est\u00e1 dise\u00f1ada para poder adaptarse a cualquier modelo de negocio, sin importar el tama\u00f1o o el sector.<\/p><h2><strong>\u00bfA qui\u00e9n va dirigido?<\/strong><\/h2>\t\t\t\t\t\t\t\t<\/div>\n\t\t\t\t<\/div>\n\t\t\t\t\t<\/div>\n\t\t<\/div>\n\t\t\t\t\t<\/div>\n\t\t<\/section>\n\t\t<div class=\"elementor-element elementor-element-9c0f96b e-flex e-con-boxed qodef-elementor-content-no e-con e-parent\" data-id=\"9c0f96b\" data-element_type=\"container\" data-e-type=\"container\">\n\t\t\t\t\t<div class=\"e-con-inner\">\n\t\t<div class=\"elementor-element elementor-element-e283237 e-con-full e-flex qodef-elementor-content-no e-con e-child\" data-id=\"e283237\" data-element_type=\"container\" data-e-type=\"container\">\n\t\t\t\t<div class=\"elementor-element elementor-element-2e5a6aa elementor-view-default elementor-position-block-start elementor-mobile-position-block-start elementor-widget elementor-widget-icon-box\" data-id=\"2e5a6aa\" data-element_type=\"widget\" data-e-type=\"widget\" data-widget_type=\"icon-box.default\">\n\t\t\t\t<div class=\"elementor-widget-container\">\n\t\t\t\t\t\t\t<div class=\"elementor-icon-box-wrapper\">\n\n\t\t\t\t\t\t<div class=\"elementor-icon-box-icon\">\n\t\t\t\t<span  class=\"elementor-icon\">\n\t\t\t\t<svg aria-hidden=\"true\" class=\"e-font-icon-svg e-far-user\" viewBox=\"0 0 448 512\" xmlns=\"http:\/\/www.w3.org\/2000\/svg\"><path d=\"M313.6 304c-28.7 0-42.5 16-89.6 16-47.1 0-60.8-16-89.6-16C60.2 304 0 364.2 0 438.4V464c0 26.5 21.5 48 48 48h352c26.5 0 48-21.5 48-48v-25.6c0-74.2-60.2-134.4-134.4-134.4zM400 464H48v-25.6c0-47.6 38.8-86.4 86.4-86.4 14.6 0 38.3 16 89.6 16 51.7 0 74.9-16 89.6-16 47.6 0 86.4 38.8 86.4 86.4V464zM224 288c79.5 0 144-64.5 144-144S303.5 0 224 0 80 64.5 80 144s64.5 144 144 144zm0-240c52.9 0 96 43.1 96 96s-43.1 96-96 96-96-43.1-96-96 43.1-96 96-96z\"><\/path><\/svg>\t\t\t\t<\/span>\n\t\t\t<\/div>\n\t\t\t\n\t\t\t\t\t\t<div class=\"elementor-icon-box-content\">\n\n\t\t\t\t\t\t\t\t\t<h3 class=\"elementor-icon-box-title\">\n\t\t\t\t\t\t<span  >\n\t\t\t\t\t\t\tPYMES\t\t\t\t\t\t<\/span>\n\t\t\t\t\t<\/h3>\n\t\t\t\t\n\t\t\t\t\n\t\t\t<\/div>\n\t\t\t\n\t\t<\/div>\n\t\t\t\t\t\t<\/div>\n\t\t\t\t<\/div>\n\t\t\t\t<\/div>\n\t\t<div class=\"elementor-element elementor-element-33b95dd e-con-full e-flex qodef-elementor-content-no e-con e-child\" data-id=\"33b95dd\" data-element_type=\"container\" data-e-type=\"container\">\n\t\t\t\t<div class=\"elementor-element elementor-element-35c1d73 elementor-view-default elementor-position-block-start elementor-mobile-position-block-start elementor-widget elementor-widget-icon-box\" data-id=\"35c1d73\" data-element_type=\"widget\" data-e-type=\"widget\" data-widget_type=\"icon-box.default\">\n\t\t\t\t<div class=\"elementor-widget-container\">\n\t\t\t\t\t\t\t<div class=\"elementor-icon-box-wrapper\">\n\n\t\t\t\t\t\t<div class=\"elementor-icon-box-icon\">\n\t\t\t\t<span  class=\"elementor-icon\">\n\t\t\t\t<svg aria-hidden=\"true\" class=\"e-font-icon-svg e-fas-laptop\" viewBox=\"0 0 640 512\" xmlns=\"http:\/\/www.w3.org\/2000\/svg\"><path d=\"M624 416H381.54c-.74 19.81-14.71 32-32.74 32H288c-18.69 0-33.02-17.47-32.77-32H16c-8.8 0-16 7.2-16 16v16c0 35.2 28.8 64 64 64h512c35.2 0 64-28.8 64-64v-16c0-8.8-7.2-16-16-16zM576 48c0-26.4-21.6-48-48-48H112C85.6 0 64 21.6 64 48v336h512V48zm-64 272H128V64h384v256z\"><\/path><\/svg>\t\t\t\t<\/span>\n\t\t\t<\/div>\n\t\t\t\n\t\t\t\t\t\t<div class=\"elementor-icon-box-content\">\n\n\t\t\t\t\t\t\t\t\t<h3 class=\"elementor-icon-box-title\">\n\t\t\t\t\t\t<span  >\n\t\t\t\t\t\t\tMicroempresas\t\t\t\t\t\t<\/span>\n\t\t\t\t\t<\/h3>\n\t\t\t\t\n\t\t\t\t\n\t\t\t<\/div>\n\t\t\t\n\t\t<\/div>\n\t\t\t\t\t\t<\/div>\n\t\t\t\t<\/div>\n\t\t\t\t<\/div>\n\t\t<div class=\"elementor-element elementor-element-0e8e7d8 e-con-full e-flex qodef-elementor-content-no e-con e-child\" data-id=\"0e8e7d8\" data-element_type=\"container\" data-e-type=\"container\">\n\t\t\t\t<div class=\"elementor-element elementor-element-8062938 elementor-view-default elementor-position-block-start elementor-mobile-position-block-start elementor-widget elementor-widget-icon-box\" data-id=\"8062938\" data-element_type=\"widget\" data-e-type=\"widget\" data-widget_type=\"icon-box.default\">\n\t\t\t\t<div class=\"elementor-widget-container\">\n\t\t\t\t\t\t\t<div class=\"elementor-icon-box-wrapper\">\n\n\t\t\t\t\t\t<div class=\"elementor-icon-box-icon\">\n\t\t\t\t<span  class=\"elementor-icon\">\n\t\t\t\t<svg aria-hidden=\"true\" class=\"e-font-icon-svg e-far-eye\" viewBox=\"0 0 576 512\" xmlns=\"http:\/\/www.w3.org\/2000\/svg\"><path d=\"M288 144a110.94 110.94 0 0 0-31.24 5 55.4 55.4 0 0 1 7.24 27 56 56 0 0 1-56 56 55.4 55.4 0 0 1-27-7.24A111.71 111.71 0 1 0 288 144zm284.52 97.4C518.29 135.59 410.93 64 288 64S57.68 135.64 3.48 241.41a32.35 32.35 0 0 0 0 29.19C57.71 376.41 165.07 448 288 448s230.32-71.64 284.52-177.41a32.35 32.35 0 0 0 0-29.19zM288 400c-98.65 0-189.09-55-237.93-144C98.91 167 189.34 112 288 112s189.09 55 237.93 144C477.1 345 386.66 400 288 400z\"><\/path><\/svg>\t\t\t\t<\/span>\n\t\t\t<\/div>\n\t\t\t\n\t\t\t\t\t\t<div class=\"elementor-icon-box-content\">\n\n\t\t\t\t\t\t\t\t\t<h3 class=\"elementor-icon-box-title\">\n\t\t\t\t\t\t<span  >\n\t\t\t\t\t\t\tAut\u00f3nomos\t\t\t\t\t\t<\/span>\n\t\t\t\t\t<\/h3>\n\t\t\t\t\n\t\t\t\t\n\t\t\t<\/div>\n\t\t\t\n\t\t<\/div>\n\t\t\t\t\t\t<\/div>\n\t\t\t\t<\/div>\n\t\t\t\t<\/div>\n\t\t\t\t\t<\/div>\n\t\t\t\t<\/div>\n\t\t<div class=\"elementor-element elementor-element-f40591f e-flex e-con-boxed qodef-elementor-content-no e-con e-parent\" data-id=\"f40591f\" data-element_type=\"container\" data-e-type=\"container\">\n\t\t\t\t\t<div class=\"e-con-inner\">\n\t\t\t\t<div class=\"elementor-element elementor-element-c2c4ae1 elementor-widget elementor-widget-text-editor\" data-id=\"c2c4ae1\" data-element_type=\"widget\" data-e-type=\"widget\" data-widget_type=\"text-editor.default\">\n\t\t\t\t<div class=\"elementor-widget-container\">\n\t\t\t\t\t\t\t\t\t<h2><strong>Servicios de digitalizaci\u00f3n<\/strong><\/h2><p>\u00bfEst\u00e1s pensando en solicitar el\u00a0<strong>Kit Digital<\/strong>\u00a0y necesitas un\u00a0<strong>agente digitalizador<\/strong>? Ponte en contacto con nosotros para contarnos tu proyecto y nos pondremos manos a la obra para aportar las mejores soluciones para posicionar tu marca y hacerla m\u00e1s competitiva.<\/p>\t\t\t\t\t\t\t\t<\/div>\n\t\t\t\t<\/div>\n\t\t\t\t\t<\/div>\n\t\t\t\t<\/div>\n\t\t<div class=\"elementor-element elementor-element-3b402d3 e-flex e-con-boxed qodef-elementor-content-no e-con e-parent\" data-id=\"3b402d3\" data-element_type=\"container\" data-e-type=\"container\">\n\t\t\t\t\t<div class=\"e-con-inner\">\n\t\t\t\t<div class=\"elementor-element elementor-element-d81ba91 elementor-widget elementor-widget-n-accordion\" data-id=\"d81ba91\" data-element_type=\"widget\" data-e-type=\"widget\" data-settings=\"{&quot;default_state&quot;:&quot;expanded&quot;,&quot;max_items_expended&quot;:&quot;one&quot;,&quot;n_accordion_animation_duration&quot;:{&quot;unit&quot;:&quot;ms&quot;,&quot;size&quot;:400,&quot;sizes&quot;:[]}}\" data-widget_type=\"nested-accordion.default\">\n\t\t\t\t<div class=\"elementor-widget-container\">\n\t\t\t\t\t\t\t<div class=\"e-n-accordion\" aria-label=\"Accordion. Open links with Enter or Space, close with Escape, and navigate with Arrow Keys\">\n\t\t\t\t\t\t<details id=\"e-n-accordion-item-2260\" class=\"e-n-accordion-item\" open>\n\t\t\t\t<summary class=\"e-n-accordion-item-title\" data-accordion-index=\"1\" tabindex=\"0\" aria-expanded=\"true\" aria-controls=\"e-n-accordion-item-2260\" >\n\t\t\t\t\t<span class='e-n-accordion-item-title-header'><div class=\"e-n-accordion-item-title-text\"> Segmento I. Peque\u00f1as empresas de entre 10 y menos de 50 empleados: 12.000\u20ac <\/div><\/span>\n\t\t\t\t\t\t\t<span class='e-n-accordion-item-title-icon'>\n\t\t\t<span class='e-opened' ><svg aria-hidden=\"true\" class=\"e-font-icon-svg e-fas-minus\" viewBox=\"0 0 448 512\" xmlns=\"http:\/\/www.w3.org\/2000\/svg\"><path d=\"M416 208H32c-17.67 0-32 14.33-32 32v32c0 17.67 14.33 32 32 32h384c17.67 0 32-14.33 32-32v-32c0-17.67-14.33-32-32-32z\"><\/path><\/svg><\/span>\n\t\t\t<span class='e-closed'><svg aria-hidden=\"true\" class=\"e-font-icon-svg e-fas-plus\" viewBox=\"0 0 448 512\" xmlns=\"http:\/\/www.w3.org\/2000\/svg\"><path d=\"M416 208H272V64c0-17.67-14.33-32-32-32h-32c-17.67 0-32 14.33-32 32v144H32c-17.67 0-32 14.33-32 32v32c0 17.67 14.33 32 32 32h144v144c0 17.67 14.33 32 32 32h32c17.67 0 32-14.33 32-32V304h144c17.67 0 32-14.33 32-32v-32c0-17.67-14.33-32-32-32z\"><\/path><\/svg><\/span>\n\t\t<\/span>\n\n\t\t\t\t\t\t<\/summary>\n\t\t\t\t<div role=\"region\" aria-labelledby=\"e-n-accordion-item-2260\" class=\"elementor-element elementor-element-77a54ec e-con-full e-flex qodef-elementor-content-no e-con e-child\" data-id=\"77a54ec\" data-element_type=\"container\" data-e-type=\"container\">\n\t\t<div role=\"region\" aria-labelledby=\"e-n-accordion-item-2260\" class=\"elementor-element elementor-element-7bf0fb3 e-flex e-con-boxed qodef-elementor-content-no e-con e-child\" data-id=\"7bf0fb3\" data-element_type=\"container\" data-e-type=\"container\">\n\t\t\t\t\t<div class=\"e-con-inner\">\n\t\t\t\t<div class=\"elementor-element elementor-element-b14dfe4 elementor-widget elementor-widget-text-editor\" data-id=\"b14dfe4\" data-element_type=\"widget\" data-e-type=\"widget\" data-widget_type=\"text-editor.default\">\n\t\t\t\t<div class=\"elementor-widget-container\">\n\t\t\t\t\t\t\t\t\t<p>Peque\u00f1as empresas de entre 10 y menos de 50 empleados: 12.000\u20ac<\/p>\t\t\t\t\t\t\t\t<\/div>\n\t\t\t\t<\/div>\n\t\t\t\t\t<\/div>\n\t\t\t\t<\/div>\n\t\t\t\t<\/div>\n\t\t\t\t\t<\/details>\n\t\t\t\t\t\t<details id=\"e-n-accordion-item-2261\" class=\"e-n-accordion-item\" >\n\t\t\t\t<summary class=\"e-n-accordion-item-title\" data-accordion-index=\"2\" tabindex=\"-1\" aria-expanded=\"false\" aria-controls=\"e-n-accordion-item-2261\" >\n\t\t\t\t\t<span class='e-n-accordion-item-title-header'><div class=\"e-n-accordion-item-title-text\"> Segmento II. Peque\u00f1as empresas o Microempresas de entre 3 y menos de 10 empleados: 6.000\u20ac <\/div><\/span>\n\t\t\t\t\t\t\t<span class='e-n-accordion-item-title-icon'>\n\t\t\t<span class='e-opened' ><svg aria-hidden=\"true\" class=\"e-font-icon-svg e-fas-minus\" viewBox=\"0 0 448 512\" xmlns=\"http:\/\/www.w3.org\/2000\/svg\"><path d=\"M416 208H32c-17.67 0-32 14.33-32 32v32c0 17.67 14.33 32 32 32h384c17.67 0 32-14.33 32-32v-32c0-17.67-14.33-32-32-32z\"><\/path><\/svg><\/span>\n\t\t\t<span class='e-closed'><svg aria-hidden=\"true\" class=\"e-font-icon-svg e-fas-plus\" viewBox=\"0 0 448 512\" xmlns=\"http:\/\/www.w3.org\/2000\/svg\"><path d=\"M416 208H272V64c0-17.67-14.33-32-32-32h-32c-17.67 0-32 14.33-32 32v144H32c-17.67 0-32 14.33-32 32v32c0 17.67 14.33 32 32 32h144v144c0 17.67 14.33 32 32 32h32c17.67 0 32-14.33 32-32V304h144c17.67 0 32-14.33 32-32v-32c0-17.67-14.33-32-32-32z\"><\/path><\/svg><\/span>\n\t\t<\/span>\n\n\t\t\t\t\t\t<\/summary>\n\t\t\t\t<div role=\"region\" aria-labelledby=\"e-n-accordion-item-2261\" class=\"elementor-element elementor-element-8376163 e-con-full e-flex qodef-elementor-content-no e-con e-child\" data-id=\"8376163\" data-element_type=\"container\" data-e-type=\"container\">\n\t\t\t\t<\/div>\n\t\t\t\t\t<\/details>\n\t\t\t\t\t\t<details id=\"e-n-accordion-item-2262\" class=\"e-n-accordion-item\" >\n\t\t\t\t<summary class=\"e-n-accordion-item-title\" data-accordion-index=\"3\" tabindex=\"-1\" aria-expanded=\"false\" aria-controls=\"e-n-accordion-item-2262\" >\n\t\t\t\t\t<span class='e-n-accordion-item-title-header'><div class=\"e-n-accordion-item-title-text\"> Segmento III. Peque\u00f1as empresas o Microempresas de entre 1 y menos de 3 empleados y personas en situaci\u00f3n de autoempleo: 2.000\u20ac <\/div><\/span>\n\t\t\t\t\t\t\t<span class='e-n-accordion-item-title-icon'>\n\t\t\t<span class='e-opened' ><svg aria-hidden=\"true\" class=\"e-font-icon-svg e-fas-minus\" viewBox=\"0 0 448 512\" xmlns=\"http:\/\/www.w3.org\/2000\/svg\"><path d=\"M416 208H32c-17.67 0-32 14.33-32 32v32c0 17.67 14.33 32 32 32h384c17.67 0 32-14.33 32-32v-32c0-17.67-14.33-32-32-32z\"><\/path><\/svg><\/span>\n\t\t\t<span class='e-closed'><svg aria-hidden=\"true\" class=\"e-font-icon-svg e-fas-plus\" viewBox=\"0 0 448 512\" xmlns=\"http:\/\/www.w3.org\/2000\/svg\"><path d=\"M416 208H272V64c0-17.67-14.33-32-32-32h-32c-17.67 0-32 14.33-32 32v144H32c-17.67 0-32 14.33-32 32v32c0 17.67 14.33 32 32 32h144v144c0 17.67 14.33 32 32 32h32c17.67 0 32-14.33 32-32V304h144c17.67 0 32-14.33 32-32v-32c0-17.67-14.33-32-32-32z\"><\/path><\/svg><\/span>\n\t\t<\/span>\n\n\t\t\t\t\t\t<\/summary>\n\t\t\t\t<div role=\"region\" aria-labelledby=\"e-n-accordion-item-2262\" class=\"elementor-element elementor-element-6cec213 e-con-full e-flex qodef-elementor-content-no e-con e-child\" data-id=\"6cec213\" data-element_type=\"container\" data-e-type=\"container\">\n\t\t\t\t<\/div>\n\t\t\t\t\t<\/details>\n\t\t\t\t\t<\/div>\n\t\t\t\t\t\t<\/div>\n\t\t\t\t<\/div>\n\t\t\t\t<div class=\"elementor-element elementor-element-c191f86 elementor-widget elementor-widget-text-editor\" data-id=\"c191f86\" data-element_type=\"widget\" data-e-type=\"widget\" data-widget_type=\"text-editor.default\">\n\t\t\t\t<div class=\"elementor-widget-container\">\n\t\t\t\t\t\t\t\t\t<h2><strong>Categor\u00edas disponibles<\/strong><\/h2><p>Gestionamos tus\u00a0<strong>redes sociales<\/strong>\u00a0de manera responsable y creativa, desde el conocimiento a fondo del proyecto y el trato personalizado del cliente. Disponemos de diferentes paquetes, en funci\u00f3n del n\u00famero de redes, y la periodicidad de las publicaciones.<\/p>\t\t\t\t\t\t\t\t<\/div>\n\t\t\t\t<\/div>\n\t\t\t\t\t<\/div>\n\t\t\t\t<\/div>\n\t\t\t\t<\/div>\n\t\t","protected":false},"excerpt":{"rendered":"<p>Melodijop\u00e9rez Agente digitalizador en el medio rural El\u00a0Kit Digital\u00a0es una iniciativa del\u00a0Gobierno de Espa\u00f1a\u00a0financiada por la Uni\u00f3n Europea a trav\u00e9s de los fondos\u00a0Next Generation EU, que tiene como objetivo subvencionar [&hellip;]<\/p>\n","protected":false},"author":2,"featured_media":0,"parent":0,"menu_order":0,"comment_status":"closed","ping_status":"closed","template":"page-full-width.php","meta":{"footnotes":""},"class_list":["post-11987","page","type-page","status-publish","hentry"],"_links":{"self":[{"href":"https:\/\/melodijoperez.com\/index.php?rest_route=\/wp\/v2\/pages\/11987","targetHints":{"allow":["GET"]}}],"collection":[{"href":"https:\/\/melodijoperez.com\/index.php?rest_route=\/wp\/v2\/pages"}],"about":[{"href":"https:\/\/melodijoperez.com\/index.php?rest_route=\/wp\/v2\/types\/page"}],"author":[{"embeddable":true,"href":"https:\/\/melodijoperez.com\/index.php?rest_route=\/wp\/v2\/users\/2"}],"replies":[{"embeddable":true,"href":"https:\/\/melodijoperez.com\/index.php?rest_route=%2Fwp%2Fv2%2Fcomments&post=11987"}],"version-history":[{"count":13,"href":"https:\/\/melodijoperez.com\/index.php?rest_route=\/wp\/v2\/pages\/11987\/revisions"}],"predecessor-version":[{"id":12004,"href":"https:\/\/melodijoperez.com\/index.php?rest_route=\/wp\/v2\/pages\/11987\/revisions\/12004"}],"wp:attachment":[{"href":"https:\/\/melodijoperez.com\/index.php?rest_route=%2Fwp%2Fv2%2Fmedia&parent=11987"}],"curies":[{"name":"wp","href":"https:\/\/api.w.org\/{rel}","templated":true}]}}